{"id":274,"date":"2018-01-19T16:45:55","date_gmt":"2018-01-19T16:45:55","guid":{"rendered":"http:\/\/sepia-play.chart.civ.pl\/contact-copy\/"},"modified":"2023-07-13T11:00:51","modified_gmt":"2023-07-13T11:00:51","slug":"contacto","status":"publish","type":"page","link":"https:\/\/www.alanoliveira.com\/en\/contacto\/","title":{"rendered":"Contact"},"content":{"rendered":"<div data-elementor-type=\"wp-post\" data-elementor-id=\"274\" class=\"elementor elementor-274\" data-elementor-settings=\"{&quot;ha_cmc_init_switcher&quot;:&quot;no&quot;}\" data-elementor-post-type=\"page\">\n\t\t\t\t\t\t<section class=\"elementor-section elementor-top-section elementor-element elementor-element-34130572 elementor-section-boxed elementor-section-height-default elementor-section-height-default\" data-id=\"34130572\" data-element_type=\"section\" data-e-type=\"section\" data-settings=\"{&quot;_ha_eqh_enable&quot;:false}\">\n\t\t\t\t\t\t<div class=\"elementor-container elementor-column-gap-default\">\n\t\t\t\t\t<div class=\"elementor-column elementor-col-100 elementor-top-column elementor-element elementor-element-2a6eb652\" data-id=\"2a6eb652\" data-element_type=\"column\" data-e-type=\"column\">\n\t\t\t<div class=\"elementor-widget-wrap elementor-element-populated\">\n\t\t\t\t\t\t<div class=\"elementor-element elementor-element-7bf2b463 elementor-widget elementor-widget-text-editor\" data-id=\"7bf2b463\" data-element_type=\"widget\" data-e-type=\"widget\" data-widget_type=\"text-editor.default\">\n\t\t\t\t<div class=\"elementor-widget-container\">\n\t\t\t\t\t\t\t\t\t<p>If you prefer, contact me using the form below.<br \/>Para melhor atendimento, preencha todos os campos do formul\u00e1rio.<\/p>\t\t\t\t\t\t\t\t<\/div>\n\t\t\t\t<\/div>\n\t\t\t\t\t<\/div>\n\t\t<\/div>\n\t\t\t\t\t<\/div>\n\t\t<\/section>\n\t\t\t\t<section class=\"elementor-section elementor-top-section elementor-element elementor-element-e21baf1 elementor-section-boxed elementor-section-height-default elementor-section-height-default\" data-id=\"e21baf1\" data-element_type=\"section\" data-e-type=\"section\" data-settings=\"{&quot;_ha_eqh_enable&quot;:false}\">\n\t\t\t\t\t\t<div class=\"elementor-container elementor-column-gap-default\">\n\t\t\t\t\t<div class=\"elementor-column elementor-col-100 elementor-top-column elementor-element elementor-element-b74dd46\" data-id=\"b74dd46\" data-element_type=\"column\" data-e-type=\"column\">\n\t\t\t<div class=\"elementor-widget-wrap elementor-element-populated\">\n\t\t\t\t\t\t<div class=\"elementor-element elementor-element-8eaa0b0 elementor-shape-circle elementor-grid-0 e-grid-align-center elementor-widget elementor-widget-social-icons\" data-id=\"8eaa0b0\" data-element_type=\"widget\" data-e-type=\"widget\" data-widget_type=\"social-icons.default\">\n\t\t\t\t<div class=\"elementor-widget-container\">\n\t\t\t\t\t\t\t<div class=\"elementor-social-icons-wrapper elementor-grid\" role=\"list\">\n\t\t\t\t\t\t\t<span class=\"elementor-grid-item\" role=\"listitem\">\n\t\t\t\t\t<a class=\"elementor-icon elementor-social-icon elementor-social-icon-facebook elementor-repeater-item-bd2607c\" href=\"https:\/\/www.facebook.com\/studioalanoliveira\" target=\"_blank\">\n\t\t\t\t\t\t<span class=\"elementor-screen-only\">Facebook<\/span>\n\t\t\t\t\t\t\t\t\t\t\t\t\t<i class=\"fa fa-facebook\" aria-hidden=\"true\"><\/i>\n\t\t\t\t\t\t\t\t\t\t\t<\/a>\n\t\t\t\t<\/span>\n\t\t\t\t\t\t\t<span class=\"elementor-grid-item\" role=\"listitem\">\n\t\t\t\t\t<a class=\"elementor-icon elementor-social-icon elementor-social-icon-x-twitter elementor-repeater-item-f5e5663\" href=\"https:\/\/www.instagram.com\/alanoliveirafotografia\/\" target=\"_blank\">\n\t\t\t\t\t\t<span class=\"elementor-screen-only\">X-twitter<\/span>\n\t\t\t\t\t\t\t\t\t\t\t\t\t<i class=\"fa fa-x-twitter\" aria-hidden=\"true\"><\/i>\n\t\t\t\t\t\t\t\t\t\t\t<\/a>\n\t\t\t\t<\/span>\n\t\t\t\t\t\t\t<span class=\"elementor-grid-item\" role=\"listitem\">\n\t\t\t\t\t<a class=\"elementor-icon elementor-social-icon elementor-social-icon-google-plus elementor-repeater-item-976381b\" href=\"https:\/\/api.whatsapp.com\/send?l=pt&#038;phone=351966100005&#038;text=Ola%20Alan%20Oliveira,%20gostaria%20de%20maiores%20informa%C3%A7%C3%B5es%20sobre%20seus%20servi%C3%A7os,%20em%20especial%20sobre:\" target=\"_blank\">\n\t\t\t\t\t\t<span class=\"elementor-screen-only\">Google-plus<\/span>\n\t\t\t\t\t\t\t\t\t\t\t\t\t<i class=\"fa fa-google-plus\" aria-hidden=\"true\"><\/i>\n\t\t\t\t\t\t\t\t\t\t\t<\/a>\n\t\t\t\t<\/span>\n\t\t\t\t\t\t\t<span class=\"elementor-grid-item\" role=\"listitem\">\n\t\t\t\t\t<a class=\"elementor-icon elementor-social-icon elementor-social-icon-wordpress elementor-repeater-item-a8c696c\" href=\"tel:\/\/+351966100005\" target=\"_blank\">\n\t\t\t\t\t\t<span class=\"elementor-screen-only\">WordPress<\/span>\n\t\t\t\t\t\t\t\t\t\t\t\t\t<i class=\"fa fa-wordpress\" aria-hidden=\"true\"><\/i>\n\t\t\t\t\t\t\t\t\t\t\t<\/a>\n\t\t\t\t<\/span>\n\t\t\t\t\t<\/div>\n\t\t\t\t\t\t<\/div>\n\t\t\t\t<\/div>\n\t\t\t\t\t<\/div>\n\t\t<\/div>\n\t\t\t\t\t<\/div>\n\t\t<\/section>\n\t\t\t\t<section class=\"elementor-section elementor-top-section elementor-element elementor-element-acae6d0 elementor-section-boxed elementor-section-height-default elementor-section-height-default\" data-id=\"acae6d0\" data-element_type=\"section\" data-e-type=\"section\" data-settings=\"{&quot;_ha_eqh_enable&quot;:false}\">\n\t\t\t\t\t\t<div class=\"elementor-container elementor-column-gap-default\">\n\t\t\t\t\t<div class=\"elementor-column elementor-col-100 elementor-top-column elementor-element elementor-element-9c265eb\" data-id=\"9c265eb\" data-element_type=\"column\" data-e-type=\"column\">\n\t\t\t<div class=\"elementor-widget-wrap elementor-element-populated\">\n\t\t\t\t\t\t<div class=\"elementor-element elementor-element-d3e7b1c elementor-widget__width-inherit elementor-widget elementor-widget-google_maps\" data-id=\"d3e7b1c\" data-element_type=\"widget\" data-e-type=\"widget\" data-widget_type=\"google_maps.default\">\n\t\t\t\t<div class=\"elementor-widget-container\">\n\t\t\t\t\t\t\t<div class=\"elementor-custom-embed\">\n\t\t\t<iframe loading=\"lazy\"\n\t\t\t\t\tsrc=\"https:\/\/maps.google.com\/maps?q=Alan%20Oliveira%20Fotografia%2C%20Rua%20Almeida%20Garrett%2C%2078%20Vila%20Franca%20de%20Xira%2C%20R%2FC%20-%20Loja%2C%202600-095%20Lisboa&#038;t=m&#038;z=10&#038;output=embed&#038;iwloc=near\"\n\t\t\t\t\ttitle=\"Alan Oliveira Fotografia, Rua Almeida Garrett, 78 Vila Franca de Xira, R\/C - Loja, 2600-095 Lisboa\"\n\t\t\t\t\taria-label=\"Alan Oliveira Fotografia, Rua Almeida Garrett, 78 Vila Franca de Xira, R\/C - Loja, 2600-095 Lisboa\"\n\t\t\t><\/iframe>\n\t\t<\/div>\n\t\t\t\t\t\t<\/div>\n\t\t\t\t<\/div>\n\t\t\t\t\t<\/div>\n\t\t<\/div>\n\t\t\t\t\t<\/div>\n\t\t<\/section>\n\t\t\t\t<\/div>","protected":false},"excerpt":{"rendered":"<p>Alan Oliveira<\/p>","protected":false},"author":1,"featured_media":2930,"parent":0,"menu_order":25,"comment_status":"closed","ping_status":"closed","template":"templates\/contact-page.php","meta":{"footnotes":""},"class_list":["post-274","page","type-page","status-publish","has-post-thumbnail","hentry"],"yoast_head":"<!-- This site is optimized with the Yoast SEO Premium plugin v27.3 (Yoast SEO v27.3) - https:\/\/yoast.com\/product\/yoast-seo-premium-wordpress\/ -->\n<title>Contato - Alan Oliveira Fotografia<\/title>\n<meta name=\"description\" content=\"Fot\u00f3grafo Profissional Alan Oliveira. Fotografia e Video para Casamentos, Ensaios Fotogr\u00e1ficos, Gestantes. Retratos Profissionais. Fot\u00f3grafo em Lisboa.\" \/>\n<meta name=\"robots\" content=\"index, follow, max-snippet:-1, max-image-preview:large, max-video-preview:-1\" \/>\n<link rel=\"canonical\" href=\"https:\/\/www.alanoliveira.com\/en\/contacto\/\" \/>\n<meta property=\"og:locale\" content=\"en_GB\" \/>\n<meta property=\"og:type\" content=\"article\" \/>\n<meta property=\"og:title\" content=\"Contato\" \/>\n<meta property=\"og:description\" content=\"Or\u00e7amento sem Compromisso - Fot\u00f3grafo Profissional Alan Oliveira. Fotografia e Video para Casamentos, Ensaios Fotogr\u00e1ficos, Gestantes. Retratos Profissionais. Fot\u00f3grafo em Lisboa.\" \/>\n<meta property=\"og:url\" content=\"https:\/\/www.alanoliveira.com\/en\/contacto\/\" \/>\n<meta property=\"og:site_name\" content=\"Alan Oliveira Fotografia\" \/>\n<meta property=\"article:modified_time\" content=\"2023-07-13T11:00:51+00:00\" \/>\n<meta property=\"og:image\" content=\"https:\/\/www.alanoliveira.com\/wp-content\/uploads\/2019\/11\/Alan-Oliveira-4.jpg\" \/>\n\t<meta property=\"og:image:width\" content=\"1920\" \/>\n\t<meta property=\"og:image:height\" content=\"1080\" \/>\n\t<meta property=\"og:image:type\" content=\"image\/jpeg\" \/>\n<meta name=\"twitter:card\" content=\"summary_large_image\" \/>\n<script type=\"application\/ld+json\" class=\"yoast-schema-graph\">{\"@context\":\"https:\\\/\\\/schema.org\",\"@graph\":[{\"@type\":\"WebPage\",\"@id\":\"https:\\\/\\\/www.alanoliveira.com\\\/contacto\\\/\",\"url\":\"https:\\\/\\\/www.alanoliveira.com\\\/contacto\\\/\",\"name\":\"Contato - Alan Oliveira Fotografia\",\"isPartOf\":{\"@id\":\"https:\\\/\\\/www.alanoliveira.com\\\/en\\\/#website\"},\"primaryImageOfPage\":{\"@id\":\"https:\\\/\\\/www.alanoliveira.com\\\/contacto\\\/#primaryimage\"},\"image\":{\"@id\":\"https:\\\/\\\/www.alanoliveira.com\\\/contacto\\\/#primaryimage\"},\"thumbnailUrl\":\"https:\\\/\\\/www.alanoliveira.com\\\/wp-content\\\/uploads\\\/2019\\\/11\\\/Alan-Oliveira-4.jpg\",\"datePublished\":\"2018-01-19T16:45:55+00:00\",\"dateModified\":\"2023-07-13T11:00:51+00:00\",\"description\":\"Fot\u00f3grafo Profissional Alan Oliveira. Fotografia e Video para Casamentos, Ensaios Fotogr\u00e1ficos, Gestantes. Retratos Profissionais. Fot\u00f3grafo em Lisboa.\",\"breadcrumb\":{\"@id\":\"https:\\\/\\\/www.alanoliveira.com\\\/contacto\\\/#breadcrumb\"},\"inLanguage\":\"en-GB\",\"potentialAction\":[{\"@type\":\"ReadAction\",\"target\":[\"https:\\\/\\\/www.alanoliveira.com\\\/contacto\\\/\"]}]},{\"@type\":\"ImageObject\",\"inLanguage\":\"en-GB\",\"@id\":\"https:\\\/\\\/www.alanoliveira.com\\\/contacto\\\/#primaryimage\",\"url\":\"https:\\\/\\\/www.alanoliveira.com\\\/wp-content\\\/uploads\\\/2019\\\/11\\\/Alan-Oliveira-4.jpg\",\"contentUrl\":\"https:\\\/\\\/www.alanoliveira.com\\\/wp-content\\\/uploads\\\/2019\\\/11\\\/Alan-Oliveira-4.jpg\",\"width\":1920,\"height\":1080,\"caption\":\"Fotografo de casamento em Lisboa\"},{\"@type\":\"BreadcrumbList\",\"@id\":\"https:\\\/\\\/www.alanoliveira.com\\\/contacto\\\/#breadcrumb\",\"itemListElement\":[{\"@type\":\"ListItem\",\"position\":1,\"name\":\"Home\",\"item\":\"https:\\\/\\\/www.alanoliveira.com\\\/en\\\/\"},{\"@type\":\"ListItem\",\"position\":2,\"name\":\"Contato\"}]},{\"@type\":\"WebSite\",\"@id\":\"https:\\\/\\\/www.alanoliveira.com\\\/en\\\/#website\",\"url\":\"https:\\\/\\\/www.alanoliveira.com\\\/en\\\/\",\"name\":\"Alan Oliveira Fotografia\",\"description\":\"Fot\u00f3grafo Profissional\",\"potentialAction\":[{\"@type\":\"SearchAction\",\"target\":{\"@type\":\"EntryPoint\",\"urlTemplate\":\"https:\\\/\\\/www.alanoliveira.com\\\/en\\\/?s={search_term_string}\"},\"query-input\":{\"@type\":\"PropertyValueSpecification\",\"valueRequired\":true,\"valueName\":\"search_term_string\"}}],\"inLanguage\":\"en-GB\"}]}<\/script>\n<!-- \/ Yoast SEO Premium plugin. -->","yoast_head_json":{"title":"Contato - Alan Oliveira Fotografia","description":"Fot\u00f3grafo Profissional Alan Oliveira. Fotografia e Video para Casamentos, Ensaios Fotogr\u00e1ficos, Gestantes. Retratos Profissionais. Fot\u00f3grafo em Lisboa.","robots":{"index":"index","follow":"follow","max-snippet":"max-snippet:-1","max-image-preview":"max-image-preview:large","max-video-preview":"max-video-preview:-1"},"canonical":"https:\/\/www.alanoliveira.com\/en\/contacto\/","og_locale":"en_GB","og_type":"article","og_title":"Contato","og_description":"Or\u00e7amento sem Compromisso - Fot\u00f3grafo Profissional Alan Oliveira. Fotografia e Video para Casamentos, Ensaios Fotogr\u00e1ficos, Gestantes. Retratos Profissionais. Fot\u00f3grafo em Lisboa.","og_url":"https:\/\/www.alanoliveira.com\/en\/contacto\/","og_site_name":"Alan Oliveira Fotografia","article_modified_time":"2023-07-13T11:00:51+00:00","og_image":[{"width":1920,"height":1080,"url":"https:\/\/www.alanoliveira.com\/wp-content\/uploads\/2019\/11\/Alan-Oliveira-4.jpg","type":"image\/jpeg"}],"twitter_card":"summary_large_image","schema":{"@context":"https:\/\/schema.org","@graph":[{"@type":"WebPage","@id":"https:\/\/www.alanoliveira.com\/contacto\/","url":"https:\/\/www.alanoliveira.com\/contacto\/","name":"Contato - Alan Oliveira Fotografia","isPartOf":{"@id":"https:\/\/www.alanoliveira.com\/en\/#website"},"primaryImageOfPage":{"@id":"https:\/\/www.alanoliveira.com\/contacto\/#primaryimage"},"image":{"@id":"https:\/\/www.alanoliveira.com\/contacto\/#primaryimage"},"thumbnailUrl":"https:\/\/www.alanoliveira.com\/wp-content\/uploads\/2019\/11\/Alan-Oliveira-4.jpg","datePublished":"2018-01-19T16:45:55+00:00","dateModified":"2023-07-13T11:00:51+00:00","description":"Fot\u00f3grafo Profissional Alan Oliveira. Fotografia e Video para Casamentos, Ensaios Fotogr\u00e1ficos, Gestantes. Retratos Profissionais. Fot\u00f3grafo em Lisboa.","breadcrumb":{"@id":"https:\/\/www.alanoliveira.com\/contacto\/#breadcrumb"},"inLanguage":"en-GB","potentialAction":[{"@type":"ReadAction","target":["https:\/\/www.alanoliveira.com\/contacto\/"]}]},{"@type":"ImageObject","inLanguage":"en-GB","@id":"https:\/\/www.alanoliveira.com\/contacto\/#primaryimage","url":"https:\/\/www.alanoliveira.com\/wp-content\/uploads\/2019\/11\/Alan-Oliveira-4.jpg","contentUrl":"https:\/\/www.alanoliveira.com\/wp-content\/uploads\/2019\/11\/Alan-Oliveira-4.jpg","width":1920,"height":1080,"caption":"Fotografo de casamento em Lisboa"},{"@type":"BreadcrumbList","@id":"https:\/\/www.alanoliveira.com\/contacto\/#breadcrumb","itemListElement":[{"@type":"ListItem","position":1,"name":"Home","item":"https:\/\/www.alanoliveira.com\/en\/"},{"@type":"ListItem","position":2,"name":"Contato"}]},{"@type":"WebSite","@id":"https:\/\/www.alanoliveira.com\/en\/#website","url":"https:\/\/www.alanoliveira.com\/en\/","name":"Alan Oliveira Fotografia","description":"Fot\u00f3grafo Profissional","potentialAction":[{"@type":"SearchAction","target":{"@type":"EntryPoint","urlTemplate":"https:\/\/www.alanoliveira.com\/en\/?s={search_term_string}"},"query-input":{"@type":"PropertyValueSpecification","valueRequired":true,"valueName":"search_term_string"}}],"inLanguage":"en-GB"}]}},"_links":{"self":[{"href":"https:\/\/www.alanoliveira.com\/en\/wp-json\/wp\/v2\/pages\/274","targetHints":{"allow":["GET"]}}],"collection":[{"href":"https:\/\/www.alanoliveira.com\/en\/wp-json\/wp\/v2\/pages"}],"about":[{"href":"https:\/\/www.alanoliveira.com\/en\/wp-json\/wp\/v2\/types\/page"}],"author":[{"embeddable":true,"href":"https:\/\/www.alanoliveira.com\/en\/wp-json\/wp\/v2\/users\/1"}],"replies":[{"embeddable":true,"href":"https:\/\/www.alanoliveira.com\/en\/wp-json\/wp\/v2\/comments?post=274"}],"version-history":[{"count":0,"href":"https:\/\/www.alanoliveira.com\/en\/wp-json\/wp\/v2\/pages\/274\/revisions"}],"wp:featuredmedia":[{"embeddable":true,"href":"https:\/\/www.alanoliveira.com\/en\/wp-json\/wp\/v2\/media\/2930"}],"wp:attachment":[{"href":"https:\/\/www.alanoliveira.com\/en\/wp-json\/wp\/v2\/media?parent=274"}],"curies":[{"name":"wp","href":"https:\/\/api.w.org\/{rel}","templated":true}]}}